{"id":61,"date":"2018-08-28T15:26:57","date_gmt":"2018-08-28T13:26:57","guid":{"rendered":"https:\/\/www.elettrondata.com\/?page_id=61"},"modified":"2024-10-31T12:13:14","modified_gmt":"2024-10-31T11:13:14","slug":"assistenza","status":"publish","type":"page","link":"https:\/\/www.elettrondata.com\/it\/assistenza\/","title":{"rendered":"Assistenza"},"content":{"rendered":"<div class=\"wpb-content-wrapper\"><p>[vc_row][vc_column]<h2 class=\"deco-title sinistra\"><span>Servizi post vendita e assistenza<\/span><\/h2>[\/vc_column][\/vc_row][vc_row][vc_column width=&#8221;1\/2&#8243;][vc_column_text]<\/p>\n<h3>Tecnologie moderne per esservi sempre pi\u00f9 vicini.<\/h3>\n<h4>Assistenza telefonica<\/h4>\n<p>Potenziato il servizio di assistenza telefonica: il nostro customer care \u00e8 sempre a disposizione nei seguenti orari: <strong>luned\u00ec al venerd\u00ec dalle 8:30 alle 1230 e dalle 14:00 alle 18:00<\/strong>. Il servizio \u00e8 gratutio per tutti gli impianti in garanzia ed in fase di avviamento.<\/p>\n<p>L&#8217;assistenza \u00e8 garantita anche il sabato e nei giorni festivi, ed oltre i 12 mesi di garanzia, sottoscrivendo un <strong>contratto di assistenza e\/o manutenzione,<\/strong> che potete richiedere al numero <a href=\"tel:+390597577800\">+39 059 7577800<\/a> o alla e-mail:<a href=\"mailto:help&amp;support@elettrondata.it\">help&amp;support@elettrondata.it<\/a><\/p>\n<h4>Assistenza in loco<\/h4>\n<p>Per l&#8217;assitenza sul posto possiamo avvalerci anche della nostra <strong>rete di assistenza<\/strong>, composta da tecnici e installatori da noi formati e certificati. Per richiedere assistenza potete avvalervi dei seguenti metodi:[\/vc_column_text][\/vc_column][vc_column width=&#8221;1\/2&#8243;][vc_single_image image=&#8221;857&#8243; img_size=&#8221;full&#8221; alignment=&#8221;center&#8221;][\/vc_column][\/vc_row][vc_row full_width=&#8221;stretch_row&#8221; css=&#8221;.vc_custom_1535563680638{padding-top: 2em !important;padding-bottom: 2em !important;background-color: #e5e5e5 !important;}&#8221;][vc_column width=&#8221;1\/3&#8243;]<h4 class=\"deco-title sinistra\"><span>Teleassistenza<\/span><\/h4>[vc_column_text]Per essere a disposizione in pochi click sul vostro sistema grazie ad un servizio di assistenza remoto. Richiedete aiuto ai nostri tecnici pi\u00f9 esperti che si collegheranno diretamente al vostro impianto per verificare da remoto ogni problematica.<\/p>\n<p><strong>Numero assistenza:<\/strong> <a href=\"tel:+39 059 7577800\">+39 059 7577800<\/a>[\/vc_column_text]<div class=\"button-wrapper sinistra\"><a class=\"btn btn-default \" href=\"https:\/\/www.elettrondata.com\/support\/\" title=\"Download Elettrondata service\">Download Elettrondata service<\/a><\/div>[\/vc_column][vc_column width=&#8221;1\/3&#8243;]<h4 class=\"deco-title sinistra\"><span>Servizio ricambi<\/span><\/h4>[vc_column_text]Con questo servizio potete richiedere parti di ricambio originali, congaranzia un anno e consegna entro 2\/4 giorni dalla ricezione dell&#8217;ordine per tutti gli articoli a magazzino. Le consegne urgenti possono essere concordate con i nostri incaricati.[\/vc_column_text]<div class=\"button-wrapper sinistra\"><a class=\"btn btn-default \" href=\"mailto:salesinfo@elettrondata.it\" title=\"Manda una mail con una richiesta per parti di ricambio\">Richiedi parti di ricambio<\/a><\/div>[\/vc_column][vc_column width=&#8221;1\/3&#8243;]<h4 class=\"deco-title sinistra\"><span>Riparazioni<\/span><\/h4>[vc_column_text css=&#8221;&#8221;]Materiale da riparare? Nessun problema.<br \/>\nPotete inviarci una richiesta di RMA.<\/p>\n<p>Compilate l&#8217;apposito modulo (<a href=\"https:\/\/www.elettrondata.com\/wp-content\/uploads\/2024\/10\/MOD_ASS_01-modulo-RMA-rev-9_0ita.pdf\" target=\"_blank\" rel=\"noopener noreferrer\">cliccate qui per scaricare il modulo RMA<\/a>) ed inviatelo, debitamente compilato a <a href=\"mailto:help&amp;support@elettrondata.it\">help&amp;support@elettrondata.it<\/a>.[\/vc_column_text][\/vc_column][\/vc_row][vc_row][vc_column]<h2 class=\"deco-title sinistra\"><span>Licenze Software<\/span><\/h2>[vc_column_text]<strong>Dovete attivare la licenza di uno dei software Elettrondata?<\/strong> Per farlo ti servono una Username ed una password di 16 Cifre che ti sono state fornite con i nostri prodotti. <strong>Non li hai?<\/strong> Contatta il nostro<a href=\"mailto:help&amp;support@elettrondata.it\"> servizio tecnico<\/a> per sapere come procedere.[\/vc_column_text]<div class=\"button-wrapper sinistra\"><a class=\"btn btn-default btn-lg\" href=\"http:\/\/185.3.37.170:8010\/ProductRegisterWeb\/\" title=\"Attiva il tuo software\"><i class=\"fa fa-save\"><\/i> Servizio attivazione software<\/a><\/div>[\/vc_column][\/vc_row]<\/p>\n<\/div>","protected":false},"excerpt":{"rendered":"<p>[vc_row][vc_column][\/vc_column][\/vc_row][vc_row][vc_column width=&#8221;1\/2&#8243;][vc_column_text] Tecnologie moderne per esservi sempre pi\u00f9 vicini. Assistenza telefonica Potenziato il servizio di assistenza telefonica: il nostro customer care \u00e8 sempre a disposizione nei seguenti orari: luned\u00ec al venerd\u00ec dalle 8:30 alle 1230 e dalle 14:00 alle 18:00. Il servizio \u00e8 gratutio per tutti gli impianti in garanzia ed in fase di avviamento. [&hellip;]<\/p>\n","protected":false},"author":1,"featured_media":0,"parent":0,"menu_order":0,"comment_status":"closed","ping_status":"closed","template":"","meta":{"_acf_changed":false,"footnotes":""},"class_list":["post-61","page","type-page","status-publish","hentry"],"acf":[],"yoast_head":"<!-- This site is optimized with the Yoast SEO plugin v27.4 - https:\/\/yoast.com\/product\/yoast-seo-wordpress\/ -->\n<title>Assistenza tecnica per i prodotti Elettrondata | Harware e Software<\/title>\n<meta name=\"description\" content=\"Elettrondata offre un&#039;esperienza di assistenza diretta al cliente. Il nostro team di supporto tecnico certificato fornisce assistenza on-site e da remoto.\" \/>\n<meta name=\"robots\" content=\"index, follow, max-snippet:-1, max-image-preview:large, max-video-preview:-1\" \/>\n<link rel=\"canonical\" href=\"https:\/\/www.elettrondata.com\/it\/assistenza\/\" \/>\n<meta property=\"og:locale\" content=\"it_IT\" \/>\n<meta property=\"og:type\" content=\"article\" \/>\n<meta property=\"og:title\" content=\"Assistenza tecnica per i prodotti Elettrondata | Harware e Software\" \/>\n<meta property=\"og:description\" content=\"Elettrondata offre un&#039;esperienza di assistenza diretta al cliente. Il nostro team di supporto tecnico certificato fornisce assistenza on-site e da remoto.\" \/>\n<meta property=\"og:url\" content=\"https:\/\/www.elettrondata.com\/it\/assistenza\/\" \/>\n<meta property=\"og:site_name\" content=\"Elettrondata\" \/>\n<meta property=\"article:modified_time\" content=\"2024-10-31T11:13:14+00:00\" \/>\n<meta name=\"twitter:card\" content=\"summary_large_image\" \/>\n<meta name=\"twitter:label1\" content=\"Tempo di lettura stimato\" \/>\n\t<meta name=\"twitter:data1\" content=\"2 minuti\" \/>\n<script type=\"application\/ld+json\" class=\"yoast-schema-graph\">{\"@context\":\"https:\\\/\\\/schema.org\",\"@graph\":[{\"@type\":\"WebPage\",\"@id\":\"https:\\\/\\\/www.elettrondata.com\\\/it\\\/assistenza\\\/\",\"url\":\"https:\\\/\\\/www.elettrondata.com\\\/it\\\/assistenza\\\/\",\"name\":\"Assistenza tecnica per i prodotti Elettrondata | Harware e Software\",\"isPartOf\":{\"@id\":\"https:\\\/\\\/www.elettrondata.com\\\/it\\\/#website\"},\"datePublished\":\"2018-08-28T13:26:57+00:00\",\"dateModified\":\"2024-10-31T11:13:14+00:00\",\"description\":\"Elettrondata offre un'esperienza di assistenza diretta al cliente. Il nostro team di supporto tecnico certificato fornisce assistenza on-site e da remoto.\",\"breadcrumb\":{\"@id\":\"https:\\\/\\\/www.elettrondata.com\\\/it\\\/assistenza\\\/#breadcrumb\"},\"inLanguage\":\"it-IT\",\"potentialAction\":[{\"@type\":\"ReadAction\",\"target\":[\"https:\\\/\\\/www.elettrondata.com\\\/it\\\/assistenza\\\/\"]}]},{\"@type\":\"BreadcrumbList\",\"@id\":\"https:\\\/\\\/www.elettrondata.com\\\/it\\\/assistenza\\\/#breadcrumb\",\"itemListElement\":[{\"@type\":\"ListItem\",\"position\":1,\"name\":\"Home\",\"item\":\"https:\\\/\\\/www.elettrondata.com\\\/it\\\/\"},{\"@type\":\"ListItem\",\"position\":2,\"name\":\"Assistenza\"}]},{\"@type\":\"WebSite\",\"@id\":\"https:\\\/\\\/www.elettrondata.com\\\/it\\\/#website\",\"url\":\"https:\\\/\\\/www.elettrondata.com\\\/it\\\/\",\"name\":\"Elettrondata\",\"description\":\"Sistemi di controllo per impianti di dosaggio\",\"publisher\":{\"@id\":\"https:\\\/\\\/www.elettrondata.com\\\/it\\\/#organization\"},\"potentialAction\":[{\"@type\":\"SearchAction\",\"target\":{\"@type\":\"EntryPoint\",\"urlTemplate\":\"https:\\\/\\\/www.elettrondata.com\\\/it\\\/?s={search_term_string}\"},\"query-input\":{\"@type\":\"PropertyValueSpecification\",\"valueRequired\":true,\"valueName\":\"search_term_string\"}}],\"inLanguage\":\"it-IT\"},{\"@type\":\"Organization\",\"@id\":\"https:\\\/\\\/www.elettrondata.com\\\/it\\\/#organization\",\"name\":\"Elettrondata S.r.l.\",\"url\":\"https:\\\/\\\/www.elettrondata.com\\\/it\\\/\",\"logo\":{\"@type\":\"ImageObject\",\"inLanguage\":\"it-IT\",\"@id\":\"https:\\\/\\\/www.elettrondata.com\\\/it\\\/#\\\/schema\\\/logo\\\/image\\\/\",\"url\":\"https:\\\/\\\/www.elettrondata.com\\\/wp-content\\\/uploads\\\/2018\\\/11\\\/logo-elettrondata.png\",\"contentUrl\":\"https:\\\/\\\/www.elettrondata.com\\\/wp-content\\\/uploads\\\/2018\\\/11\\\/logo-elettrondata.png\",\"width\":617,\"height\":150,\"caption\":\"Elettrondata S.r.l.\"},\"image\":{\"@id\":\"https:\\\/\\\/www.elettrondata.com\\\/it\\\/#\\\/schema\\\/logo\\\/image\\\/\"}}]}<\/script>\n<!-- \/ Yoast SEO plugin. -->","yoast_head_json":{"title":"Assistenza tecnica per i prodotti Elettrondata | Harware e Software","description":"Elettrondata offre un'esperienza di assistenza diretta al cliente. Il nostro team di supporto tecnico certificato fornisce assistenza on-site e da remoto.","robots":{"index":"index","follow":"follow","max-snippet":"max-snippet:-1","max-image-preview":"max-image-preview:large","max-video-preview":"max-video-preview:-1"},"canonical":"https:\/\/www.elettrondata.com\/it\/assistenza\/","og_locale":"it_IT","og_type":"article","og_title":"Assistenza tecnica per i prodotti Elettrondata | Harware e Software","og_description":"Elettrondata offre un'esperienza di assistenza diretta al cliente. Il nostro team di supporto tecnico certificato fornisce assistenza on-site e da remoto.","og_url":"https:\/\/www.elettrondata.com\/it\/assistenza\/","og_site_name":"Elettrondata","article_modified_time":"2024-10-31T11:13:14+00:00","twitter_card":"summary_large_image","twitter_misc":{"Tempo di lettura stimato":"2 minuti"},"schema":{"@context":"https:\/\/schema.org","@graph":[{"@type":"WebPage","@id":"https:\/\/www.elettrondata.com\/it\/assistenza\/","url":"https:\/\/www.elettrondata.com\/it\/assistenza\/","name":"Assistenza tecnica per i prodotti Elettrondata | Harware e Software","isPartOf":{"@id":"https:\/\/www.elettrondata.com\/it\/#website"},"datePublished":"2018-08-28T13:26:57+00:00","dateModified":"2024-10-31T11:13:14+00:00","description":"Elettrondata offre un'esperienza di assistenza diretta al cliente. Il nostro team di supporto tecnico certificato fornisce assistenza on-site e da remoto.","breadcrumb":{"@id":"https:\/\/www.elettrondata.com\/it\/assistenza\/#breadcrumb"},"inLanguage":"it-IT","potentialAction":[{"@type":"ReadAction","target":["https:\/\/www.elettrondata.com\/it\/assistenza\/"]}]},{"@type":"BreadcrumbList","@id":"https:\/\/www.elettrondata.com\/it\/assistenza\/#breadcrumb","itemListElement":[{"@type":"ListItem","position":1,"name":"Home","item":"https:\/\/www.elettrondata.com\/it\/"},{"@type":"ListItem","position":2,"name":"Assistenza"}]},{"@type":"WebSite","@id":"https:\/\/www.elettrondata.com\/it\/#website","url":"https:\/\/www.elettrondata.com\/it\/","name":"Elettrondata","description":"Sistemi di controllo per impianti di dosaggio","publisher":{"@id":"https:\/\/www.elettrondata.com\/it\/#organization"},"potentialAction":[{"@type":"SearchAction","target":{"@type":"EntryPoint","urlTemplate":"https:\/\/www.elettrondata.com\/it\/?s={search_term_string}"},"query-input":{"@type":"PropertyValueSpecification","valueRequired":true,"valueName":"search_term_string"}}],"inLanguage":"it-IT"},{"@type":"Organization","@id":"https:\/\/www.elettrondata.com\/it\/#organization","name":"Elettrondata S.r.l.","url":"https:\/\/www.elettrondata.com\/it\/","logo":{"@type":"ImageObject","inLanguage":"it-IT","@id":"https:\/\/www.elettrondata.com\/it\/#\/schema\/logo\/image\/","url":"https:\/\/www.elettrondata.com\/wp-content\/uploads\/2018\/11\/logo-elettrondata.png","contentUrl":"https:\/\/www.elettrondata.com\/wp-content\/uploads\/2018\/11\/logo-elettrondata.png","width":617,"height":150,"caption":"Elettrondata S.r.l."},"image":{"@id":"https:\/\/www.elettrondata.com\/it\/#\/schema\/logo\/image\/"}}]}},"_links":{"self":[{"href":"https:\/\/www.elettrondata.com\/it\/wp-json\/wp\/v2\/pages\/61","targetHints":{"allow":["GET"]}}],"collection":[{"href":"https:\/\/www.elettrondata.com\/it\/wp-json\/wp\/v2\/pages"}],"about":[{"href":"https:\/\/www.elettrondata.com\/it\/wp-json\/wp\/v2\/types\/page"}],"author":[{"embeddable":true,"href":"https:\/\/www.elettrondata.com\/it\/wp-json\/wp\/v2\/users\/1"}],"replies":[{"embeddable":true,"href":"https:\/\/www.elettrondata.com\/it\/wp-json\/wp\/v2\/comments?post=61"}],"version-history":[{"count":6,"href":"https:\/\/www.elettrondata.com\/it\/wp-json\/wp\/v2\/pages\/61\/revisions"}],"predecessor-version":[{"id":9142,"href":"https:\/\/www.elettrondata.com\/it\/wp-json\/wp\/v2\/pages\/61\/revisions\/9142"}],"wp:attachment":[{"href":"https:\/\/www.elettrondata.com\/it\/wp-json\/wp\/v2\/media?parent=61"}],"curies":[{"name":"wp","href":"https:\/\/api.w.org\/{rel}","templated":true}]}}